{"id":224,"date":"2021-01-20T20:55:31","date_gmt":"2021-01-20T19:55:31","guid":{"rendered":"https:\/\/pawtnerdogs.com\/?post_type=product&#038;p=224"},"modified":"2022-08-05T22:34:17","modified_gmt":"2022-08-05T20:34:17","slug":"chewy-toys-dog-bandana","status":"publish","type":"product","link":"https:\/\/pawtnerdogs.com\/hu\/termek\/chewy-toys-dog-bandana\/","title":{"rendered":"Chewy Toys Dog Bandana"},"content":{"rendered":"<p>[et_pb_section fb_built=&#8221;1&#8243; _builder_version=&#8221;3.22&#8243; custom_padding=&#8221;0px||||false|false&#8221; da_disable_devices=&#8221;off|off|off&#8221; da_is_popup=&#8221;off&#8221; da_exit_intent=&#8221;off&#8221; da_has_close=&#8221;on&#8221; da_alt_close=&#8221;off&#8221; da_dark_close=&#8221;off&#8221; da_not_modal=&#8221;on&#8221; da_is_singular=&#8221;off&#8221; da_with_loader=&#8221;off&#8221; da_has_shadow=&#8221;on&#8221;][et_pb_row _builder_version=&#8221;3.25&#8243; background_size=&#8221;initial&#8221; background_position=&#8221;top_left&#8221; background_repeat=&#8221;repeat&#8221; width=&#8221;100%&#8221; custom_padding=&#8221;0px||0px||false|false&#8221;][et_pb_column type=&#8221;4_4&#8243; _builder_version=&#8221;3.25&#8243; custom_padding=&#8221;|||&#8221; custom_padding__hover=&#8221;|||&#8221;][et_pb_wc_breadcrumb _builder_version=&#8221;3.0.47&#8243;][\/et_pb_wc_breadcrumb][et_pb_wc_cart_notice _builder_version=&#8221;3.0.47&#8243;][\/et_pb_wc_cart_notice][\/et_pb_column][\/et_pb_row][et_pb_row column_structure=&#8221;1_2,1_2&#8243; _builder_version=&#8221;3.25&#8243; background_size=&#8221;initial&#8221; background_position=&#8221;top_left&#8221; background_repeat=&#8221;repeat&#8221; width=&#8221;100%&#8221; custom_padding=&#8221;0px||||false|false&#8221;][et_pb_column type=&#8221;1_2&#8243; _builder_version=&#8221;3.25&#8243; custom_padding=&#8221;|||&#8221; custom_padding__hover=&#8221;|||&#8221;][et_pb_wc_images _builder_version=&#8221;3.0.47&#8243;][\/et_pb_wc_images][\/et_pb_column][et_pb_column type=&#8221;1_2&#8243; _builder_version=&#8221;3.25&#8243; custom_padding=&#8221;|||&#8221; custom_padding__hover=&#8221;|||&#8221;][et_pb_wc_title _builder_version=&#8221;3.0.47&#8243;][\/et_pb_wc_title][et_pb_wc_rating _builder_version=&#8221;3.0.47&#8243;][\/et_pb_wc_rating][et_pb_wc_price _builder_version=&#8221;3.0.47&#8243;][\/et_pb_wc_price][et_pb_wc_description _builder_version=&#8221;3.0.47&#8243;][\/et_pb_wc_description][et_pb_button button_url=&#8221;#dog-bandana-size-guide&#8221; button_text=&#8221;Open Size Guide&#8221; button_alignment=&#8221;right&#8221; _builder_version=&#8221;4.8.1&#8243; _module_preset=&#8221;default&#8221; custom_button=&#8221;on&#8221; button_text_size=&#8221;18px&#8221; button_text_color=&#8221;#560216&#8243; button_bg_color=&#8221;RGBA(0,0,0,0)&#8221; button_border_width=&#8221;3px&#8221; button_border_color=&#8221;#560216&#8243; button_border_radius=&#8221;30px&#8221; button_icon=&#8221;%%244%%&#8221; button_icon_color=&#8221;#560216&#8243; button_icon_placement=&#8221;left&#8221; button_on_hover=&#8221;off&#8221; custom_padding=&#8221;|||38px|false|false&#8221; global_module=&#8221;579&#8243;][\/et_pb_button][et_pb_wc_add_to_cart _builder_version=&#8221;3.0.47&#8243;][\/et_pb_wc_add_to_cart][et_pb_wc_meta _builder_version=&#8221;3.0.47&#8243;][\/et_pb_wc_meta][\/et_pb_column][\/et_pb_row][et_pb_row _builder_version=&#8221;3.25&#8243; background_size=&#8221;initial&#8221; background_position=&#8221;top_left&#8221; background_repeat=&#8221;repeat&#8221; width=&#8221;100%&#8221;][et_pb_column type=&#8221;4_4&#8243; _builder_version=&#8221;3.25&#8243; custom_padding=&#8221;|||&#8221; custom_padding__hover=&#8221;|||&#8221;][et_pb_wc_tabs _builder_version=&#8221;3.0.47&#8243;]\t\t\t\t\t[\/et_pb_wc_tabs][et_pb_wc_upsells _builder_version=&#8221;3.0.47&#8243;][\/et_pb_wc_upsells][et_pb_wc_related_products _builder_version=&#8221;3.0.47&#8243;][\/et_pb_wc_related_products][\/et_pb_column][\/et_pb_row][\/et_pb_section][et_pb_section fb_built=&#8221;1&#8243; admin_label=&#8221;Popup &#8211; #dog-bandana-size-guide&#8221; module_id=&#8221;dog-bandana-size-guide&#8221; module_class=&#8221;popup&#8221; _builder_version=&#8221;4.8.1&#8243; _module_preset=&#8221;default&#8221; da_is_popup=&#8221;on&#8221; da_popup_slug=&#8221;dog-bandana-size-guide&#8221; da_disable_devices=&#8221;off|off|off&#8221; global_module=&#8221;573&#8243; da_exit_intent=&#8221;off&#8221; da_has_close=&#8221;on&#8221; da_alt_close=&#8221;off&#8221; da_dark_close=&#8221;off&#8221; da_not_modal=&#8221;on&#8221; da_is_singular=&#8221;off&#8221; da_with_loader=&#8221;off&#8221; da_has_shadow=&#8221;on&#8221;][et_pb_row module_id=&#8221;dog-bandana-size-guide&#8221; _builder_version=&#8221;4.8.1&#8243; _module_preset=&#8221;default&#8221;][et_pb_column type=&#8221;4_4&#8243; _builder_version=&#8221;4.6.0&#8243; _module_preset=&#8221;default&#8221;][et_pb_text _builder_version=&#8221;4.6.0&#8243; _module_preset=&#8221;default&#8221;]<\/p>\n<h2 style=\"text-align: center;\">Kutya Bandana M\u00e9rett\u00e1bl\u00e1zat<\/h2>\n<p>[\/et_pb_text][et_pb_text _builder_version=&#8221;4.8.1&#8243; _module_preset=&#8221;default&#8221; hover_enabled=&#8221;0&#8243; sticky_enabled=&#8221;0&#8243;]<\/p>\n<p style=\"text-align: center;\">Annak \u00e9rdek\u00e9ben, hogy minden kuty\u00e1ra t\u00f6k\u00e9letesen illeszkedjenek, a kend\u0151inket 3 k\u00fcl\u00f6nb\u00f6z\u0151 m\u00e9retben gy\u00e1rtjuk \u2013 kicsi k\u00f6zepes \u00e9s nagy.<\/p>\n<p style=\"text-align: center;\">Az al\u00e1bbi t\u00e1bl\u00e1zatb\u00f3l t\u00e1j\u00e9koz\u00f3dhatsz arr\u00f3l, hogy melyik m\u00e9ret megfelel\u0151 a kutyusod sz\u00e1m\u00e1ra.<\/p>\n<p>[\/et_pb_text][et_pb_tabs active_tab_background_color=&#8221;#006d14&#8243; inactive_tab_background_color=&#8221;#EEDCC8&#8243; active_tab_text_color=&#8221;#FFFFFF&#8221; disabled_on=&#8221;off|off|on&#8221; _builder_version=&#8221;4.8.1&#8243; _module_preset=&#8221;default&#8221; tab_text_color=&#8221;#000000&#8243; body_line_height=&#8221;1.6em&#8221; tab_font=&#8221;Atma|800|||||||&#8221; tab_font_size=&#8221;22px&#8221; width=&#8221;80%&#8221; width_tablet=&#8221;90%&#8221; width_phone=&#8221;100%&#8221; width_last_edited=&#8221;on|phone&#8221; module_alignment=&#8221;center&#8221; body_font_size_tablet=&#8221;&#8221; body_font_size_phone=&#8221;14px&#8221; body_font_size_last_edited=&#8221;on|phone&#8221; locked=&#8221;off&#8221;][et_pb_tab title=&#8221;Select a size:&#8221; _builder_version=&#8221;4.8.1&#8243; _module_preset=&#8221;default&#8221;]<\/p>\n<p>V\u00e1lassz ki egy m\u00e9retez\u00e9st a fenti lehet\u0151s\u00e9gek k\u00f6z\u00fcl!<\/p>\n<p>[\/et_pb_tab][et_pb_tab title=&#8221;Small Size (S)&#8221; _builder_version=&#8221;4.8.1&#8243; _module_preset=&#8221;default&#8221;]<\/p>\n<h4>Nyak Ker\u00fclet<\/h4>\n<p><span>Maximum 30 centim\u00e9ter vagy 12 h\u00fcvelyk<\/span><\/p>\n<h4>P\u00e9lda Kutyafajt\u00e1k<\/h4>\n<p>Small (S) bandana suits small size dogs the best. Such as: Havanese, Pomeranian, Yorkshire Terrier, Maltese, Jack Russell Terrier.[\/et_pb_tab][et_pb_tab title=&#8221;Medium Size (M)&#8221; _builder_version=&#8221;4.8.1&#8243; _module_preset=&#8221;default&#8221;]<\/p>\n<h4>Nyak Ker\u00fclet<\/h4>\n<p><span>Maximum 46 centim\u00e9ter vagy 18 h\u00fcvelyk<\/span><\/p>\n<h4>P\u00e9lda Kutyafajt\u00e1k<\/h4>\n<p>Medium (M) bandana suits medium size dogs the best. Such as: Corgi, Beagle, Border Collie, Cocker Spaniel and Greyhound.[\/et_pb_tab][et_pb_tab title=&#8221;Large Size (L)&#8221; _builder_version=&#8221;4.8.1&#8243; _module_preset=&#8221;default&#8221;]<\/p>\n<h4>Nyak Ker\u00fclet<\/h4>\n<p><span>Maximum 59 centim\u00e9ter vagy 23 h\u00fcvelyk<\/span><\/p>\n<h4>P\u00e9lda Kutyafajt\u00e1k<\/h4>\n<p>Large (L) bandana suits large size dogs the best. Such as: German Shepherd, Golden Retriever, Great Dane, Husky, Labrador, Mastiff and Vizsla.[\/et_pb_tab][\/et_pb_tabs][et_pb_text disabled_on=&#8221;on|on|off&#8221; _builder_version=&#8221;4.8.1&#8243; _module_preset=&#8221;default&#8221; locked=&#8221;off&#8221;]<\/p>\n<table width=\"833\" height=\"89\" style=\"font-size: 16px;\">\n<tbody>\n<tr>\n<td style=\"width: 201px;\"><\/td>\n<td style=\"width: 201px; text-align: center;\">\n<h4>Kis M\u00e9ret (S)<\/h4>\n<\/td>\n<td style=\"width: 201px; text-align: center;\">\n<h4>K\u00f6zepes M\u00e9ret (M)<\/h4>\n<\/td>\n<td style=\"width: 202px; text-align: center;\">\n<h4>Nagy M\u00e9ret (L)<\/h4>\n<\/td>\n<\/tr>\n<tr>\n<td style=\"width: 201px;\">\n<h4 style=\"text-align: center;\">Nyak Ker\u00fclet<\/h4>\n<\/td>\n<td style=\"width: 201px; text-align: center;\">Maximum 30 centim\u00e9ter vagy 12 h\u00fcvelyk<\/td>\n<td style=\"width: 201px; text-align: center;\">Maximum 46 centim\u00e9ter vagy 18 h\u00fcvelyk<\/td>\n<td style=\"width: 202px; text-align: center;\">Maximum 59 centim\u00e9ter vagy 23 h\u00fcvelyk<\/td>\n<\/tr>\n<tr>\n<td style=\"width: 201px;\">\n<h4 style=\"text-align: center;\">P\u00e9lda Kutyafajt\u00e1k<\/h4>\n<\/td>\n<td style=\"width: 201px; text-align: center;\">Ez a kend\u0151 kistest\u0171 kuty\u00e1kra illik a legjobban. Mint p\u00e9ld\u00e1ul: Havanese, Pomeranian, Yorkshire Terrier, Maltese, Jack Russell Terrier.<\/td>\n<td style=\"width: 201px; text-align: center;\">Ez a kend\u0151 k\u00f6zepes test\u0171 kuty\u00e1kra illik a legjobban. Mint p\u00e9ld\u00e1ul: Corgi, Beagle, Border Collie, Cocker Spaniel \u00e9s Greyhound.<\/td>\n<td style=\"width: 202px; text-align: center;\">Ez a kend\u0151 nagytest\u0171 kuty\u00e1kra illik a legjobban. Mint p\u00e9ld\u00e1ul: D\u00e1n Dog, Golden Retriever, Husky, Labrador, Mastiff, N\u00e9metjuh\u00e1sz \u00e9s Vizsla.<\/td>\n<\/tr>\n<\/tbody>\n<\/table>\n<p>[\/et_pb_text][et_pb_text _builder_version=&#8221;4.8.1&#8243; _module_preset=&#8221;default&#8221; hover_enabled=&#8221;0&#8243; sticky_enabled=&#8221;0&#8243;]<\/p>\n<p style=\"text-align: center;\"><strong>Fontos megjegyz\u00e9s:<\/strong> M\u00e9r\u00e9seinket igyekezt\u00fcnk k\u00f6vetkezetesen elv\u00e9gezni, de el\u0151fordulhat, hogy a kutyusod m\u00e9rete elt\u00e9r az \u00e1ltal\u00e1nos fajtab\u00e9li \u00e9rt\u00e9kt\u0151l. Miel\u0151tt megv\u00e1s\u00e1roln\u00e1d a term\u00e9keinket, k\u00e9rj\u00fck, pontosan m\u00e9rd le a kuty\u00e1d nyak\u00e1nak ker\u00fclet\u00e9t. A megfelel\u0151 eredm\u00e9ny \u00e9rdek\u00e9ben javasoljuk, hogy haszn\u00e1lj puha m\u00e9r\u0151szalagot, vagy nemes egyszer\u0171s\u00e9ggel m\u00e9rd le a kutyusod nyak\u00f6rv\u00e9t egy vonalz\u00f3val.<\/p>\n<p>[\/et_pb_text][\/et_pb_column][\/et_pb_row][\/et_pb_section]<\/p>","protected":false},"excerpt":{"rendered":"<p>Frizbi, teniszlabda \u00e9s sok m\u00e1s r\u00e1ghat\u00f3 dolog! Ha a kuty\u00e1d j\u00e1t\u00e9kos \u00e9s energikus, akkor ez a kend\u0151 egy t\u00f6k\u00e9letes m\u00f3dja annak, hogy vil\u00e1gg\u00e1 k\u00fcrt\u00f6ld. Ez a st\u00edlusos \u00e9s cuki Pawtner Dogswear bandana kifejezetten kuty\u00e1knak k\u00e9sz\u00fclt.<\/p>","protected":false},"featured_media":383,"comment_status":"open","ping_status":"closed","template":"","meta":{"_et_pb_use_builder":"on","_et_pb_old_content":"<h4>Designer Insight<\/h4>\r\nWhen you enter a pet-shop it is hard to ignore the endless variety of creative and colourful toys designed especially for your best friend. No wonder there are that many doggo toys in the shop. It is always a joyful moment for dogs to get a new thing to play with. In fact, it is never enough of them! Especially if they bounce, squeek or even fly across the yard!\r\n\r\nDuring the creation of the \"Chewy Toys Dog Bandana\" we collected our dogs favourites and manifest them on this durable grass green piece of textil. You can find here a frisbee, tennis ball, rubber chicken, knotted rope, flexible training ring, and even a football. This way your dog can have a little memento with them from the park even when they are momentarily snoring on the couch!\r\n\r\n&nbsp;\r\n<h4>General Information<\/h4>\r\n<ul>\r\n \t<li>This product is a conventional tie-on style dog bandana from Pawtner Dogswear. Our unique, triangle shape design makes it easy to adjust the bandana to your dog's neck perfectly for maximum comfort and safety.<\/li>\r\n \t<li>Our preferred material choice is polyester since it brings many advantages to the table. It is durable, strong, lightweight and dries quickly. The reliability of this material allows your dog to wear the bandana in all environments every day of the year.<\/li>\r\n \t<li>We also pay attention to carefully select premium, friction and resistant materials. This way your dog can run and play \u2013 the bandana will always keep up the paste.<\/li>\r\n \t<li>To match the premium material selection we also go all-in with our special sublimation printing technology. Thanks to this method, the decorative graphics and colors will stay crisp and vivid for an extended period of time.<\/li>\r\n \t<li>All Pawtner Dogswear bandanas are handcrafted with great expertise and care in Hungary, Europe. With your purchase you allow us to further create engaging jobs for people who love what they are doing!<\/li>\r\n<\/ul>","_et_gb_content_width":"","_monsterinsights_skip_tracking":false,"_monsterinsights_sitenote_active":false,"_monsterinsights_sitenote_note":"","_monsterinsights_sitenote_category":0,"spay_email":""},"product_cat":[20],"product_tag":[21,22],"yoast_head":"<!-- This site is optimized with the Yoast SEO plugin v18.4.1 - https:\/\/yoast.com\/wordpress\/plugins\/seo\/ -->\n<title>Chewy Toys Dog Bandana - Pawtner Dogswear<\/title>\n<meta name=\"description\" content=\"If your dog loves to play with toys then here is the chance to showcase it with this stylish and adorable Pawtner Dogswear Bandana for Dogs!\" \/>\n<meta name=\"robots\" content=\"index, follow, max-snippet:-1, max-image-preview:large, max-video-preview:-1\" \/>\n<link rel=\"canonical\" href=\"https:\/\/pawtnerdogs.com\/hu\/termek\/chewy-toys-dog-bandana\/\" \/>\n<meta property=\"og:locale\" content=\"hu_HU\" \/>\n<meta property=\"og:type\" content=\"article\" \/>\n<meta property=\"og:title\" content=\"Chewy Toys Dog Bandana - Pawtner Dogswear\" \/>\n<meta property=\"og:description\" content=\"If your dog loves to play with toys then here is the chance to showcase it with this stylish and adorable Pawtner Dogswear Bandana for Dogs!\" \/>\n<meta property=\"og:url\" content=\"https:\/\/pawtnerdogs.com\/hu\/termek\/chewy-toys-dog-bandana\/\" \/>\n<meta property=\"og:site_name\" content=\"Pawtner Dogswear\" \/>\n<meta property=\"article:publisher\" content=\"https:\/\/www.facebook.com\/pawtnerdogs\" \/>\n<meta property=\"article:modified_time\" content=\"2022-08-05T20:34:17+00:00\" \/>\n<meta property=\"og:image\" content=\"https:\/\/pawtnerdogs.com\/wp-content\/uploads\/2021\/01\/Chewy-Toys-Dog-Bandana-by-Pawtner-Dogswear-Stock-Photo-WhiteBG.jpg\" \/>\n\t<meta property=\"og:image:width\" content=\"1000\" \/>\n\t<meta property=\"og:image:height\" content=\"1000\" \/>\n\t<meta property=\"og:image:type\" content=\"image\/jpeg\" \/>\n<meta name=\"twitter:card\" content=\"summary_large_image\" \/>\n<meta name=\"twitter:label1\" content=\"Becs\u00fclt olvas\u00e1si id\u0151\" \/>\n\t<meta name=\"twitter:data1\" content=\"1 perc\" \/>\n<script type=\"application\/ld+json\" class=\"yoast-schema-graph\">{\"@context\":\"https:\/\/schema.org\",\"@graph\":[{\"@type\":\"Organization\",\"@id\":\"https:\/\/pawtnerdogs.com\/#organization\",\"name\":\"Pawtner Dogswear\",\"url\":\"https:\/\/pawtnerdogs.com\/\",\"sameAs\":[\"https:\/\/www.facebook.com\/pawtnerdogs\",\"https:\/\/www.instagram.com\/pawtnerdogs\/\"],\"logo\":{\"@type\":\"ImageObject\",\"@id\":\"https:\/\/pawtnerdogs.com\/#logo\",\"inLanguage\":\"hu\",\"url\":\"https:\/\/pawtnerdogs.com\/wp-content\/uploads\/2020\/11\/cropped-Pawtner-Dogswear-pawtnerdogs.com-website-icon.png\",\"contentUrl\":\"https:\/\/pawtnerdogs.com\/wp-content\/uploads\/2020\/11\/cropped-Pawtner-Dogswear-pawtnerdogs.com-website-icon.png\",\"width\":512,\"height\":512,\"caption\":\"Pawtner Dogswear\"},\"image\":{\"@id\":\"https:\/\/pawtnerdogs.com\/#logo\"}},{\"@type\":\"WebSite\",\"@id\":\"https:\/\/pawtnerdogs.com\/#website\",\"url\":\"https:\/\/pawtnerdogs.com\/\",\"name\":\"Pawtner Dogswear\",\"description\":\"Stylish and adorable\",\"publisher\":{\"@id\":\"https:\/\/pawtnerdogs.com\/#organization\"},\"potentialAction\":[{\"@type\":\"SearchAction\",\"target\":{\"@type\":\"EntryPoint\",\"urlTemplate\":\"https:\/\/pawtnerdogs.com\/?s={search_term_string}\"},\"query-input\":\"required name=search_term_string\"}],\"inLanguage\":\"hu\"},{\"@type\":\"ImageObject\",\"@id\":\"https:\/\/pawtnerdogs.com\/product\/chewy-toys-dog-bandana\/#primaryimage\",\"inLanguage\":\"hu\",\"url\":\"https:\/\/pawtnerdogs.com\/wp-content\/uploads\/2021\/01\/Chewy-Toys-Dog-Bandana-by-Pawtner-Dogswear-Stock-Photo-WhiteBG.jpg\",\"contentUrl\":\"https:\/\/pawtnerdogs.com\/wp-content\/uploads\/2021\/01\/Chewy-Toys-Dog-Bandana-by-Pawtner-Dogswear-Stock-Photo-WhiteBG.jpg\",\"width\":1000,\"height\":1000},{\"@type\":\"WebPage\",\"@id\":\"https:\/\/pawtnerdogs.com\/product\/chewy-toys-dog-bandana\/#webpage\",\"url\":\"https:\/\/pawtnerdogs.com\/product\/chewy-toys-dog-bandana\/\",\"name\":\"Chewy Toys Dog Bandana - Pawtner Dogswear\",\"isPartOf\":{\"@id\":\"https:\/\/pawtnerdogs.com\/#website\"},\"primaryImageOfPage\":{\"@id\":\"https:\/\/pawtnerdogs.com\/product\/chewy-toys-dog-bandana\/#primaryimage\"},\"datePublished\":\"2021-01-20T19:55:31+00:00\",\"dateModified\":\"2022-08-05T20:34:17+00:00\",\"description\":\"If your dog loves to play with toys then here is the chance to showcase it with this stylish and adorable Pawtner Dogswear Bandana for Dogs!\",\"breadcrumb\":{\"@id\":\"https:\/\/pawtnerdogs.com\/product\/chewy-toys-dog-bandana\/#breadcrumb\"},\"inLanguage\":\"hu\",\"potentialAction\":[{\"@type\":\"ReadAction\",\"target\":[\"https:\/\/pawtnerdogs.com\/product\/chewy-toys-dog-bandana\/\"]}]},{\"@type\":\"BreadcrumbList\",\"@id\":\"https:\/\/pawtnerdogs.com\/product\/chewy-toys-dog-bandana\/#breadcrumb\",\"itemListElement\":[{\"@type\":\"ListItem\",\"position\":1,\"name\":\"Home\",\"item\":\"https:\/\/pawtnerdogs.com\/hu\/\"},{\"@type\":\"ListItem\",\"position\":2,\"name\":\"Shop\",\"item\":\"https:\/\/pawtnerdogs.com\/hu\/shop\/\"},{\"@type\":\"ListItem\",\"position\":3,\"name\":\"Chewy Toys Dog Bandana\"}]}]}<\/script>\n<!-- \/ Yoast SEO plugin. -->","yoast_head_json":{"title":"Chewy Toys Dog Bandana - Pawtner Dogswear","description":"If your dog loves to play with toys then here is the chance to showcase it with this stylish and adorable Pawtner Dogswear Bandana for Dogs!","robots":{"index":"index","follow":"follow","max-snippet":"max-snippet:-1","max-image-preview":"max-image-preview:large","max-video-preview":"max-video-preview:-1"},"canonical":"https:\/\/pawtnerdogs.com\/hu\/termek\/chewy-toys-dog-bandana\/","og_locale":"hu_HU","og_type":"article","og_title":"Chewy Toys Dog Bandana - Pawtner Dogswear","og_description":"If your dog loves to play with toys then here is the chance to showcase it with this stylish and adorable Pawtner Dogswear Bandana for Dogs!","og_url":"https:\/\/pawtnerdogs.com\/hu\/termek\/chewy-toys-dog-bandana\/","og_site_name":"Pawtner Dogswear","article_publisher":"https:\/\/www.facebook.com\/pawtnerdogs","article_modified_time":"2022-08-05T20:34:17+00:00","og_image":[{"width":1000,"height":1000,"url":"https:\/\/pawtnerdogs.com\/wp-content\/uploads\/2021\/01\/Chewy-Toys-Dog-Bandana-by-Pawtner-Dogswear-Stock-Photo-WhiteBG.jpg","type":"image\/jpeg"}],"twitter_card":"summary_large_image","twitter_misc":{"Becs\u00fclt olvas\u00e1si id\u0151":"1 perc"},"schema":{"@context":"https:\/\/schema.org","@graph":[{"@type":"Organization","@id":"https:\/\/pawtnerdogs.com\/#organization","name":"Pawtner Dogswear","url":"https:\/\/pawtnerdogs.com\/","sameAs":["https:\/\/www.facebook.com\/pawtnerdogs","https:\/\/www.instagram.com\/pawtnerdogs\/"],"logo":{"@type":"ImageObject","@id":"https:\/\/pawtnerdogs.com\/#logo","inLanguage":"hu","url":"https:\/\/pawtnerdogs.com\/wp-content\/uploads\/2020\/11\/cropped-Pawtner-Dogswear-pawtnerdogs.com-website-icon.png","contentUrl":"https:\/\/pawtnerdogs.com\/wp-content\/uploads\/2020\/11\/cropped-Pawtner-Dogswear-pawtnerdogs.com-website-icon.png","width":512,"height":512,"caption":"Pawtner Dogswear"},"image":{"@id":"https:\/\/pawtnerdogs.com\/#logo"}},{"@type":"WebSite","@id":"https:\/\/pawtnerdogs.com\/#website","url":"https:\/\/pawtnerdogs.com\/","name":"Pawtner Dogswear","description":"Stylish and adorable","publisher":{"@id":"https:\/\/pawtnerdogs.com\/#organization"},"potentialAction":[{"@type":"SearchAction","target":{"@type":"EntryPoint","urlTemplate":"https:\/\/pawtnerdogs.com\/?s={search_term_string}"},"query-input":"required name=search_term_string"}],"inLanguage":"hu"},{"@type":"ImageObject","@id":"https:\/\/pawtnerdogs.com\/product\/chewy-toys-dog-bandana\/#primaryimage","inLanguage":"hu","url":"https:\/\/pawtnerdogs.com\/wp-content\/uploads\/2021\/01\/Chewy-Toys-Dog-Bandana-by-Pawtner-Dogswear-Stock-Photo-WhiteBG.jpg","contentUrl":"https:\/\/pawtnerdogs.com\/wp-content\/uploads\/2021\/01\/Chewy-Toys-Dog-Bandana-by-Pawtner-Dogswear-Stock-Photo-WhiteBG.jpg","width":1000,"height":1000},{"@type":"WebPage","@id":"https:\/\/pawtnerdogs.com\/product\/chewy-toys-dog-bandana\/#webpage","url":"https:\/\/pawtnerdogs.com\/product\/chewy-toys-dog-bandana\/","name":"Chewy Toys Dog Bandana - Pawtner Dogswear","isPartOf":{"@id":"https:\/\/pawtnerdogs.com\/#website"},"primaryImageOfPage":{"@id":"https:\/\/pawtnerdogs.com\/product\/chewy-toys-dog-bandana\/#primaryimage"},"datePublished":"2021-01-20T19:55:31+00:00","dateModified":"2022-08-05T20:34:17+00:00","description":"If your dog loves to play with toys then here is the chance to showcase it with this stylish and adorable Pawtner Dogswear Bandana for Dogs!","breadcrumb":{"@id":"https:\/\/pawtnerdogs.com\/product\/chewy-toys-dog-bandana\/#breadcrumb"},"inLanguage":"hu","potentialAction":[{"@type":"ReadAction","target":["https:\/\/pawtnerdogs.com\/product\/chewy-toys-dog-bandana\/"]}]},{"@type":"BreadcrumbList","@id":"https:\/\/pawtnerdogs.com\/product\/chewy-toys-dog-bandana\/#breadcrumb","itemListElement":[{"@type":"ListItem","position":1,"name":"Home","item":"https:\/\/pawtnerdogs.com\/hu\/"},{"@type":"ListItem","position":2,"name":"Shop","item":"https:\/\/pawtnerdogs.com\/hu\/shop\/"},{"@type":"ListItem","position":3,"name":"Chewy Toys Dog Bandana"}]}]}},"_links":{"self":[{"href":"https:\/\/pawtnerdogs.com\/hu\/wp-json\/wp\/v2\/product\/224"}],"collection":[{"href":"https:\/\/pawtnerdogs.com\/hu\/wp-json\/wp\/v2\/product"}],"about":[{"href":"https:\/\/pawtnerdogs.com\/hu\/wp-json\/wp\/v2\/types\/product"}],"replies":[{"embeddable":true,"href":"https:\/\/pawtnerdogs.com\/hu\/wp-json\/wp\/v2\/comments?post=224"}],"wp:featuredmedia":[{"embeddable":true,"href":"https:\/\/pawtnerdogs.com\/hu\/wp-json\/wp\/v2\/media\/383"}],"wp:attachment":[{"href":"https:\/\/pawtnerdogs.com\/hu\/wp-json\/wp\/v2\/media?parent=224"}],"wp:term":[{"taxonomy":"product_cat","embeddable":true,"href":"https:\/\/pawtnerdogs.com\/hu\/wp-json\/wp\/v2\/product_cat?post=224"},{"taxonomy":"product_tag","embeddable":true,"href":"https:\/\/pawtnerdogs.com\/hu\/wp-json\/wp\/v2\/product_tag?post=224"}],"curies":[{"name":"wp","href":"https:\/\/api.w.org\/{rel}","templated":true}]}}